{"id":429,"date":"2018-10-29T12:10:08","date_gmt":"2018-10-29T12:10:08","guid":{"rendered":"http:\/\/localhost:8080\/fsm\/offices\/georgia\/"},"modified":"2019-12-19T14:07:59","modified_gmt":"2019-12-19T14:07:59","slug":"georgia","status":"publish","type":"page","link":"https:\/\/fsmlogistics.ru\/de\/offices\/georgia\/","title":{"rendered":"Georgia"},"content":{"rendered":"<p>Im Jahr 2009 organisierten wir zum ersten Mal Stra\u00dfentransporte in die Kaukasus-L\u00e4nder. Die Nachfrage stieg stetig, so dass wir im Jahr 2014 unsere Niederlassung FS Mackenzie Georgia in Tiflis gegr\u00fcndet haben. Hier erhalten Sie auf Wunsch unser komplettes Leistungs-Portfolio nach Georgien, Armenien und Aserbaidschan.<\/p>\n","protected":false},"excerpt":{"rendered":"<p>Im Jahr 2009 organisierten wir zum ersten Mal Stra\u00dfentransporte in die Kaukasus-L\u00e4nder (Georgien, Armenien, Aserbaidschan). Seit 2014 haben wir eine eigene Niederlassung in Georgien.<\/p>\n","protected":false},"author":1,"featured_media":3945,"parent":263,"menu_order":-7,"comment_status":"closed","ping_status":"closed","template":"page-offices-single-country.php","meta":[],"yst_prominent_words":[3449,399,3462,3461,347,3460,3448],"acf":[],"_links":{"self":[{"href":"https:\/\/fsmlogistics.ru\/de\/wp-json\/wp\/v2\/pages\/429"}],"collection":[{"href":"https:\/\/fsmlogistics.ru\/de\/wp-json\/wp\/v2\/pages"}],"about":[{"href":"https:\/\/fsmlogistics.ru\/de\/wp-json\/wp\/v2\/types\/page"}],"author":[{"embeddable":true,"href":"https:\/\/fsmlogistics.ru\/de\/wp-json\/wp\/v2\/users\/1"}],"replies":[{"embeddable":true,"href":"https:\/\/fsmlogistics.ru\/de\/wp-json\/wp\/v2\/comments?post=429"}],"version-history":[{"count":5,"href":"https:\/\/fsmlogistics.ru\/de\/wp-json\/wp\/v2\/pages\/429\/revisions"}],"predecessor-version":[{"id":8097,"href":"https:\/\/fsmlogistics.ru\/de\/wp-json\/wp\/v2\/pages\/429\/revisions\/8097"}],"up":[{"embeddable":true,"href":"https:\/\/fsmlogistics.ru\/de\/wp-json\/wp\/v2\/pages\/263"}],"wp:featuredmedia":[{"embeddable":true,"href":"https:\/\/fsmlogistics.ru\/de\/wp-json\/wp\/v2\/media\/3945"}],"wp:attachment":[{"href":"https:\/\/fsmlogistics.ru\/de\/wp-json\/wp\/v2\/media?parent=429"}],"wp:term":[{"taxonomy":"yst_prominent_words","embeddable":true,"href":"https:\/\/fsmlogistics.ru\/de\/wp-json\/wp\/v2\/yst_prominent_words?post=429"}],"curies":[{"name":"wp","href":"https:\/\/api.w.org\/{rel}","templated":true}]}}