{"id":322,"date":"2018-10-18T10:14:34","date_gmt":"2018-10-18T10:14:34","guid":{"rendered":"http:\/\/localhost:8080\/fsm\/dienstleistungen\/seefracht\/"},"modified":"2019-08-26T15:22:05","modified_gmt":"2019-08-26T15:22:05","slug":"seefracht","status":"publish","type":"page","link":"https:\/\/fsmlogistics.ru\/de\/services\/seefracht\/","title":{"rendered":"Seefracht"},"content":{"rendered":"<p>FS Mackenzie Logistics ist Ihr kompetenter Partner bei der Verschiffung von G\u00fctern. Unser Fachwissen und unser Leistungsportfolio umfassen im Bereich der Seefracht die gesamte Hafenabwicklung, vom Voll- und Sammelcontainer bis hin zum Transport von Sonderanlagen. Dank internationaler Vernetzung mit den gr\u00f6\u00dften Schifffahrtslinien wie MSC, Maersk, CMA-CGM, One, Hapag Lloyd, OOCL uva. sind wir in der optimalen Lage auf den wichtigsten Handelsrouten und in den H\u00e4fen Ihnen wettbewerbsf\u00e4hige L\u00f6sungen anbieten zu k\u00f6nnen. <\/p>\n","protected":false},"excerpt":{"rendered":"<p>Wir bieten das gesamte Spektrum an Seefrachtimporten, -exporten und Cross Trades weltweit.<\/p>\n","protected":false},"author":1,"featured_media":5407,"parent":312,"menu_order":2,"comment_status":"closed","ping_status":"closed","template":"page-services-single-category.php","meta":[],"yst_prominent_words":[348,353,352,351],"acf":[],"_links":{"self":[{"href":"https:\/\/fsmlogistics.ru\/de\/wp-json\/wp\/v2\/pages\/322"}],"collection":[{"href":"https:\/\/fsmlogistics.ru\/de\/wp-json\/wp\/v2\/pages"}],"about":[{"href":"https:\/\/fsmlogistics.ru\/de\/wp-json\/wp\/v2\/types\/page"}],"author":[{"embeddable":true,"href":"https:\/\/fsmlogistics.ru\/de\/wp-json\/wp\/v2\/users\/1"}],"replies":[{"embeddable":true,"href":"https:\/\/fsmlogistics.ru\/de\/wp-json\/wp\/v2\/comments?post=322"}],"version-history":[{"count":2,"href":"https:\/\/fsmlogistics.ru\/de\/wp-json\/wp\/v2\/pages\/322\/revisions"}],"predecessor-version":[{"id":7619,"href":"https:\/\/fsmlogistics.ru\/de\/wp-json\/wp\/v2\/pages\/322\/revisions\/7619"}],"up":[{"embeddable":true,"href":"https:\/\/fsmlogistics.ru\/de\/wp-json\/wp\/v2\/pages\/312"}],"wp:featuredmedia":[{"embeddable":true,"href":"https:\/\/fsmlogistics.ru\/de\/wp-json\/wp\/v2\/media\/5407"}],"wp:attachment":[{"href":"https:\/\/fsmlogistics.ru\/de\/wp-json\/wp\/v2\/media?parent=322"}],"wp:term":[{"taxonomy":"yst_prominent_words","embeddable":true,"href":"https:\/\/fsmlogistics.ru\/de\/wp-json\/wp\/v2\/yst_prominent_words?post=322"}],"curies":[{"name":"wp","href":"https:\/\/api.w.org\/{rel}","templated":true}]}}