{"id":320,"date":"2018-10-18T10:11:31","date_gmt":"2018-10-18T10:11:31","guid":{"rendered":"http:\/\/localhost:8080\/fsm\/dienstleistungen\/strasenfracht\/"},"modified":"2019-12-04T13:09:49","modified_gmt":"2019-12-04T13:09:49","slug":"strasenfracht","status":"publish","type":"page","link":"https:\/\/fsmlogistics.ru\/de\/services\/strasenfracht\/","title":{"rendered":"Stra\u00dfenverkehr"},"content":{"rendered":"<p>H\u00f6chste Qualit\u00e4t aus einer Hand. Unser Transportservice \u201eon the road\u201c ist flexibel, schnell und effizient. Zu unseren Kernkompetenzen geh\u00f6ren Europa und die ehemaligen UdSSR-L\u00e4nder. Mit einem globalen Netzwerk von 12 eigenen B\u00fcros und internationalen Partnern stellen wir Ihre Ware auch in ganz Eurasien zu. Unser Transportservice:<\/p>\n<ul>\n<li><span style=\"font-weight: 400;\">FTL und LTL Transporte innerhalb Europas<\/span><\/li>\n<li><span style=\"font-weight: 400;\">FTL und LTL Transporte weltweit<\/span><\/li>\n<li><span style=\"font-weight: 400;\">LKW-Zustellungen von China nach Russland und Europa<\/span><\/li>\n<\/ul>\n","protected":false},"excerpt":{"rendered":"<p>Durchsuchen Sie unsere Importe, Exporte und Cross Trades f\u00fcr Landverkehre nach Russland, in die Ukraine und nach Ost-, West- und S\u00fcdeuropa.<\/p>\n","protected":false},"author":1,"featured_media":3092,"parent":312,"menu_order":3,"comment_status":"closed","ping_status":"closed","template":"page-services-single-category.php","meta":[],"yst_prominent_words":[3708,374,3703,3700,3699,364,3705,3709,3706,3448,3704,3701,3459,3702,3451,3707],"acf":[],"_links":{"self":[{"href":"https:\/\/fsmlogistics.ru\/de\/wp-json\/wp\/v2\/pages\/320"}],"collection":[{"href":"https:\/\/fsmlogistics.ru\/de\/wp-json\/wp\/v2\/pages"}],"about":[{"href":"https:\/\/fsmlogistics.ru\/de\/wp-json\/wp\/v2\/types\/page"}],"author":[{"embeddable":true,"href":"https:\/\/fsmlogistics.ru\/de\/wp-json\/wp\/v2\/users\/1"}],"replies":[{"embeddable":true,"href":"https:\/\/fsmlogistics.ru\/de\/wp-json\/wp\/v2\/comments?post=320"}],"version-history":[{"count":3,"href":"https:\/\/fsmlogistics.ru\/de\/wp-json\/wp\/v2\/pages\/320\/revisions"}],"predecessor-version":[{"id":8045,"href":"https:\/\/fsmlogistics.ru\/de\/wp-json\/wp\/v2\/pages\/320\/revisions\/8045"}],"up":[{"embeddable":true,"href":"https:\/\/fsmlogistics.ru\/de\/wp-json\/wp\/v2\/pages\/312"}],"wp:featuredmedia":[{"embeddable":true,"href":"https:\/\/fsmlogistics.ru\/de\/wp-json\/wp\/v2\/media\/3092"}],"wp:attachment":[{"href":"https:\/\/fsmlogistics.ru\/de\/wp-json\/wp\/v2\/media?parent=320"}],"wp:term":[{"taxonomy":"yst_prominent_words","embeddable":true,"href":"https:\/\/fsmlogistics.ru\/de\/wp-json\/wp\/v2\/yst_prominent_words?post=320"}],"curies":[{"name":"wp","href":"https:\/\/api.w.org\/{rel}","templated":true}]}}