{"id":316,"date":"2018-10-18T10:05:16","date_gmt":"2018-10-18T10:05:16","guid":{"rendered":"http:\/\/localhost:8080\/fsm\/dienstleistungen\/luftfracht\/"},"modified":"2019-08-26T15:08:54","modified_gmt":"2019-08-26T15:08:54","slug":"luftfracht","status":"publish","type":"page","link":"https:\/\/fsmlogistics.ru\/de\/services\/luftfracht\/","title":{"rendered":"Luftverkehr"},"content":{"rendered":"<p><span style=\"font-weight: 400;\">FS Mackenzie Logistics bietet Ihnen weltweit First-Class Luftfrachtdienste an.  <\/span><\/p>\n<p><span style=\"font-weight: 400;\">Abh\u00e4ngig von Ihrem Zeitlimit und Ihrem Budget stehen Ihnen Haus-zu-Haus Import &#038; Export, Cross-Trade Dienstleistungen sowie eine Reihe von Optionen und M\u00f6glichkeiten f\u00fcr Fluglinien und Terminals zur Verf\u00fcgung.<\/span><\/p>\n\n<p><\/p>\n","protected":false},"excerpt":{"rendered":"<p>Sie erhalten First-Class Haus-zu-Haus Import &#038; Export sowie Cross-Trade Dienstleistungen weltweit.<\/p>\n","protected":false},"author":1,"featured_media":5396,"parent":312,"menu_order":1,"comment_status":"closed","ping_status":"closed","template":"page-services-single-category.php","meta":[],"yst_prominent_words":[],"acf":[],"_links":{"self":[{"href":"https:\/\/fsmlogistics.ru\/de\/wp-json\/wp\/v2\/pages\/316"}],"collection":[{"href":"https:\/\/fsmlogistics.ru\/de\/wp-json\/wp\/v2\/pages"}],"about":[{"href":"https:\/\/fsmlogistics.ru\/de\/wp-json\/wp\/v2\/types\/page"}],"author":[{"embeddable":true,"href":"https:\/\/fsmlogistics.ru\/de\/wp-json\/wp\/v2\/users\/1"}],"replies":[{"embeddable":true,"href":"https:\/\/fsmlogistics.ru\/de\/wp-json\/wp\/v2\/comments?post=316"}],"version-history":[{"count":2,"href":"https:\/\/fsmlogistics.ru\/de\/wp-json\/wp\/v2\/pages\/316\/revisions"}],"predecessor-version":[{"id":7609,"href":"https:\/\/fsmlogistics.ru\/de\/wp-json\/wp\/v2\/pages\/316\/revisions\/7609"}],"up":[{"embeddable":true,"href":"https:\/\/fsmlogistics.ru\/de\/wp-json\/wp\/v2\/pages\/312"}],"wp:featuredmedia":[{"embeddable":true,"href":"https:\/\/fsmlogistics.ru\/de\/wp-json\/wp\/v2\/media\/5396"}],"wp:attachment":[{"href":"https:\/\/fsmlogistics.ru\/de\/wp-json\/wp\/v2\/media?parent=316"}],"wp:term":[{"taxonomy":"yst_prominent_words","embeddable":true,"href":"https:\/\/fsmlogistics.ru\/de\/wp-json\/wp\/v2\/yst_prominent_words?post=316"}],"curies":[{"name":"wp","href":"https:\/\/api.w.org\/{rel}","templated":true}]}}