{"id":308,"date":"2018-10-18T10:00:08","date_gmt":"2018-10-18T10:00:08","guid":{"rendered":"http:\/\/localhost:8080\/fsm\/kontaktiere-uns\/"},"modified":"2019-12-19T12:46:20","modified_gmt":"2019-12-19T12:46:20","slug":"kontaktiere-uns","status":"publish","type":"page","link":"https:\/\/fsmlogistics.ru\/de\/kontaktiere-uns\/","title":{"rendered":"Kontakt"},"content":{"rendered":"<p>Wir freuen uns von Ihnen zu h\u00f6ren!<\/p>\n<p>Haben Sie weitere Fragen oder W\u00fcnsche? Nehmen Sie Kontakt mit uns auf &#8211; Wir helfen Ihnen gerne weiter f\u00fcr Sie die passende Transportl\u00f6sung zu finden.<\/p>\n<p><!-- p--><\/p>\n<p>Bitte nutzen Sie unser Kontaktformular oder schreiben Sie uns: <a href=\"mailto:sales@fsmlogistics.ru\">sales@fsmlogistics.ru<\/a><\/p>\n","protected":false},"excerpt":{"rendered":"<p>Wir freuen uns von Ihnen zu h\u00f6ren! Haben Sie weitere Fragen oder W\u00fcnsche? Nehmen Sie Kontakt mit uns auf &#8211; Wir helfen Ihnen gerne weiter f\u00fcr Sie die passende Transportl\u00f6sung zu finden. Bitte nutzen Sie unser Kontaktformular oder schreiben Sie uns: sales@fsmlogistics.ru<\/p>\n","protected":false},"author":1,"featured_media":0,"parent":0,"menu_order":0,"comment_status":"closed","ping_status":"closed","template":"page-contact.php","meta":[],"yst_prominent_words":[],"acf":[],"_links":{"self":[{"href":"https:\/\/fsmlogistics.ru\/de\/wp-json\/wp\/v2\/pages\/308"}],"collection":[{"href":"https:\/\/fsmlogistics.ru\/de\/wp-json\/wp\/v2\/pages"}],"about":[{"href":"https:\/\/fsmlogistics.ru\/de\/wp-json\/wp\/v2\/types\/page"}],"author":[{"embeddable":true,"href":"https:\/\/fsmlogistics.ru\/de\/wp-json\/wp\/v2\/users\/1"}],"replies":[{"embeddable":true,"href":"https:\/\/fsmlogistics.ru\/de\/wp-json\/wp\/v2\/comments?post=308"}],"version-history":[{"count":2,"href":"https:\/\/fsmlogistics.ru\/de\/wp-json\/wp\/v2\/pages\/308\/revisions"}],"predecessor-version":[{"id":8076,"href":"https:\/\/fsmlogistics.ru\/de\/wp-json\/wp\/v2\/pages\/308\/revisions\/8076"}],"wp:attachment":[{"href":"https:\/\/fsmlogistics.ru\/de\/wp-json\/wp\/v2\/media?parent=308"}],"wp:term":[{"taxonomy":"yst_prominent_words","embeddable":true,"href":"https:\/\/fsmlogistics.ru\/de\/wp-json\/wp\/v2\/yst_prominent_words?post=308"}],"curies":[{"name":"wp","href":"https:\/\/api.w.org\/{rel}","templated":true}]}}